{"id":541,"date":"2024-03-01T09:19:29","date_gmt":"2024-03-01T08:19:29","guid":{"rendered":"https:\/\/haut-doubs-sport-nature.fr\/?page_id=541"},"modified":"2024-03-05T15:12:20","modified_gmt":"2024-03-05T14:12:20","slug":"mentions-legales","status":"publish","type":"page","link":"https:\/\/haut-doubs-sport-nature.fr\/?page_id=541","title":{"rendered":"mentions l\u00e9gales"},"content":{"rendered":"\t\t<div data-elementor-type=\"wp-page\" data-elementor-id=\"541\" class=\"elementor elementor-541\">\n\t\t\t\t<div class=\"elementor-element elementor-element-4887761 e-flex e-con-boxed e-con e-parent\" data-id=\"4887761\" data-element_type=\"container\" data-settings=\"{&quot;content_width&quot;:&quot;boxed&quot;}\" data-core-v316-plus=\"true\">\n\t\t\t\t\t<div class=\"e-con-inner\">\n\t\t\t\t<div class=\"elementor-element elementor-element-d311e4b elementor-widget elementor-widget-text-editor\" data-id=\"d311e4b\" data-element_type=\"widget\" data-widget_type=\"text-editor.default\">\n\t\t\t\t<div class=\"elementor-widget-container\">\n\t\t\t<style>\/*! elementor - v3.19.0 - 28-02-2024 *\/\n.elementor-widget-text-editor.elementor-drop-cap-view-stacked .elementor-drop-cap{background-color:#69727d;color:#fff}.elementor-widget-text-editor.elementor-drop-cap-view-framed .elementor-drop-cap{color:#69727d;border:3px solid;background-color:transparent}.elementor-widget-text-editor:not(.elementor-drop-cap-view-default) .elementor-drop-cap{margin-top:8px}.elementor-widget-text-editor:not(.elementor-drop-cap-view-default) .elementor-drop-cap-letter{width:1em;height:1em}.elementor-widget-text-editor .elementor-drop-cap{float:left;text-align:center;line-height:1;font-size:50px}.elementor-widget-text-editor .elementor-drop-cap-letter{display:inline-block}<\/style>\t\t\t\t<h1 class=\"wp-block-heading\">Mentions l\u00e9gales<\/h1><p>\u00a0<\/p><p>En vigueur au 04\/03\/2024<\/p><p>\u00a0<\/p><p>Conform\u00e9ment aux dispositions des Articles 6-III et 19 de la Loi n\u00b02004-575 du 21 juin 2004 pour la Confiance dans l\u2019\u00e9conomie num\u00e9rique, dite L.C.E.N., il est port\u00e9 \u00e0 la connaissance des utilisateurs et visiteurs, ci-apr\u00e8s l\u00a0\u00bb\u00a0\u00bb<strong>Utilisateur<\/strong>\u00ab , du site https:\/\/haut-doubs-sport-nature.fr\/\u00a0, ci-apr\u00e8s le \u00ab\u00a0<strong>Site<\/strong>\u00ab\u00a0, les pr\u00e9sentes mentions l\u00e9gales.<\/p><p>\u00a0<\/p><p>La connexion et la navigation sur le Site par l\u2019Utilisateur implique acceptation int\u00e9grale et sans r\u00e9serve des pr\u00e9sentes mentions l\u00e9gales.<\/p><p>\u00a0<\/p><p>Ces derni\u00e8res sont accessibles sur le Site \u00e0 la rubrique \u00ab\u00a0<strong>Mentions l\u00e9gales<\/strong>\u00a0\u00bb.<\/p><p>\u00a0<\/p><h2 class=\"wp-block-heading\">ARTICLE 1 \u2013 L\u2019EDITEUR<\/h2><p>\u00a0<\/p><h2 class=\"wp-block-heading\">\u00a0<\/h2><p>\u00a0<\/p><p>L\u2019\u00e9dition et la direction de la publication du Site est assur\u00e9e par Manon Cantin, domicili\u00e9e<\/p><h1 class=\"soCard__title fw-300 ft-regular underline no-mt\"><span class=\"ft-bold\">12<\/span><span class=\"ft-bold\">RUE DES LOUVIERES<\/span> \u00c0 <span class=\"ft-bold\">FRAMBOUHANS, <\/span>dont le num\u00e9ro de t\u00e9l\u00e9phone est<\/h1><h3 class=\"elementor-icon-box-title\"><a href=\"tel:+33687971321\">06 87 97 13 21<\/a><\/h3><h1 class=\"soCard__title fw-300 ft-regular underline no-mt\">, et l\u2019adresse e-mail<\/h1><h3 class=\"elementor-icon-box-title\"><a href=\"mailto:hautdoubssportnature@gmail.com\">hautdoubssportnature@gmail.com<\/a><\/h3><p>\u00a0<\/p><p>ci-apr\u00e8s l&#8217;\u00a0\u00bb<strong>Editeur<\/strong>\u00ab\u00a0.<\/p><p>\u00a0<\/p><h1 class=\"wp-block-heading\">\u00a0<\/h1><p>\u00a0<\/p><h2 class=\"wp-block-heading\">ARTICLE 2 \u2013 L\u2019HEBERGEUR ET CR\u00c9ATEUR DU SITE.<\/h2><p>Le site \u00e0 \u00e9t\u00e9 cr\u00e9\u00e9 par : Eddy Rivoire &#8211; soci\u00e9t\u00e9 <a href=\"https:\/\/spreadup-co.fr\">spread Up<\/a><\/p><p>Son adresse mail est eddy@spreadup-co.fr<\/p><p>\u00a0<\/p><h1 class=\"wp-block-heading\">\u00a0<\/h1><p>\u00a0<\/p><p>L\u2019h\u00e9bergeur du Site est la soci\u00e9t\u00e9 hostinger, dont le si\u00e8ge social est situ\u00e9 au HOSTINGER INTERNATIONAL LTD, 61 Lordou Vironos Street, 6023 Larnaca, Chypre.<\/p><p>\u00a0<\/p><h1 class=\"wp-block-heading\">\u00a0<\/h1><p>\u00a0<\/p><h2 class=\"wp-block-heading\">ARTICLE 3 \u2013 ACCES AU SITE<\/h2><p>\u00a0<\/p><h1 class=\"wp-block-heading\">\u00a0<\/h1><p>\u00a0<\/p><p>Le Site est accessible en tout endroit, 7j\/7, 24h\/24 sauf cas de force majeure, interruption programm\u00e9e ou non et pouvant d\u00e9coulant d\u2019une n\u00e9cessit\u00e9 de maintenance.<\/p><p>\u00a0<\/p><p>En cas de modification, interruption ou suspension du Site, l\u2019Editeur ne saurait \u00eatre tenu responsable.<\/p><p>\u00a0<\/p><h2 class=\"wp-block-heading\">ARTICLE 4 \u2013 COLLECTE DES DONNEES<\/h2><p>\u00a0<\/p><p>Le Site assure \u00e0 l\u2019Utilisateur une collecte et un traitement d\u2019informations personnelles dans le respect de la vie priv\u00e9e conform\u00e9ment \u00e0 la loi n\u00b078-17 du 6 janvier 1978 relative \u00e0 l\u2019informatique, aux fichiers et aux libert\u00e9s.\u00a0<\/p><p>\u00a0<\/p><p>En vertu de la loi Informatique et Libert\u00e9s, en date du 6 janvier 1978, l\u2019Utilisateur dispose d\u2019un droit d\u2019acc\u00e8s, de rectification, de suppression et d\u2019opposition de ses donn\u00e9es personnelles. L\u2019Utilisateur exerce ce droit :<\/p><p>par voie postale au<\/p><p class=\"soCard__title fw-300 ft-regular underline no-mt\"><span class=\"ft-bold\">12<\/span><span class=\"ft-bold\">RUE DES LOUVIERES<\/span> \u00c0 <span class=\"ft-bold\">FRAMBOUHANS<\/span>.<\/p><p>\u00a0<\/p><p>Toute utilisation, reproduction, diffusion, commercialisation, modification de toute ou partie du Site, sans autorisation de l\u2019Editeur est prohib\u00e9e et pourra entra\u00een\u00e9e des actions et poursuites judiciaires telles que notamment pr\u00e9vues par le Code de la propri\u00e9t\u00e9 intellectuelle et le Code civil.<\/p><p>\u00a0<\/p><p>Le tribunal comp\u00e9tant en cas de litige est le tribunal de Besan\u00e7on.\u00a0<\/p>\t\t\t\t\t\t<\/div>\n\t\t\t\t<\/div>\n\t\t\t\t\t<\/div>\n\t\t\t\t<\/div>\n\t\t\t\t<\/div>\n\t\t","protected":false},"excerpt":{"rendered":"<p>Mentions l\u00e9gales \u00a0 En vigueur au 04\/03\/2024 \u00a0 Conform\u00e9ment aux dispositions des Articles 6-III et 19 de la Loi n\u00b02004-575 du 21 juin 2004 pour la Confiance dans l\u2019\u00e9conomie num\u00e9rique, dite L.C.E.N., il est port\u00e9 \u00e0 la connaissance des utilisateurs et visiteurs, ci-apr\u00e8s l\u00a0\u00bb\u00a0\u00bbUtilisateur\u00ab , du site https:\/\/haut-doubs-sport-nature.fr\/\u00a0, ci-apr\u00e8s le \u00ab\u00a0Site\u00ab\u00a0, les pr\u00e9sentes mentions l\u00e9gales. [&hellip;]<\/p>\n","protected":false},"author":1,"featured_media":0,"parent":0,"menu_order":0,"comment_status":"closed","ping_status":"closed","template":"","meta":{"footnotes":""},"yoast_head":"<!-- This site is optimized with the Yoast SEO plugin v22.2 - https:\/\/yoast.com\/wordpress\/plugins\/seo\/ -->\n<title>mentions l\u00e9gales - haut-doubs-sport-nature.fr<\/title>\n<meta name=\"robots\" content=\"noindex, follow\" \/>\n<meta property=\"og:locale\" content=\"en_US\" \/>\n<meta property=\"og:type\" content=\"article\" \/>\n<meta property=\"og:title\" content=\"mentions l\u00e9gales - haut-doubs-sport-nature.fr\" \/>\n<meta property=\"og:description\" content=\"Mentions l\u00e9gales \u00a0 En vigueur au 04\/03\/2024 \u00a0 Conform\u00e9ment aux dispositions des Articles 6-III et 19 de la Loi n\u00b02004-575 du 21 juin 2004 pour la Confiance dans l\u2019\u00e9conomie num\u00e9rique, dite L.C.E.N., il est port\u00e9 \u00e0 la connaissance des utilisateurs et visiteurs, ci-apr\u00e8s l\u00a0\u00bb\u00a0\u00bbUtilisateur\u00ab , du site https:\/\/haut-doubs-sport-nature.fr\/\u00a0, ci-apr\u00e8s le \u00ab\u00a0Site\u00ab\u00a0, les pr\u00e9sentes mentions l\u00e9gales. [&hellip;]\" \/>\n<meta property=\"og:url\" content=\"https:\/\/haut-doubs-sport-nature.fr\/?page_id=541\" \/>\n<meta property=\"og:site_name\" content=\"haut-doubs-sport-nature.fr\" \/>\n<meta property=\"article:modified_time\" content=\"2024-03-05T14:12:20+00:00\" \/>\n<meta name=\"twitter:card\" content=\"summary_large_image\" \/>\n<meta name=\"twitter:label1\" content=\"Est. reading time\" \/>\n\t<meta name=\"twitter:data1\" content=\"2 minutes\" \/>\n<script type=\"application\/ld+json\" class=\"yoast-schema-graph\">{\"@context\":\"https:\/\/schema.org\",\"@graph\":[{\"@type\":\"WebPage\",\"@id\":\"https:\/\/haut-doubs-sport-nature.fr\/?page_id=541\",\"url\":\"https:\/\/haut-doubs-sport-nature.fr\/?page_id=541\",\"name\":\"mentions l\u00e9gales - haut-doubs-sport-nature.fr\",\"isPartOf\":{\"@id\":\"https:\/\/haut-doubs-sport-nature.fr\/#website\"},\"datePublished\":\"2024-03-01T08:19:29+00:00\",\"dateModified\":\"2024-03-05T14:12:20+00:00\",\"breadcrumb\":{\"@id\":\"https:\/\/haut-doubs-sport-nature.fr\/?page_id=541#breadcrumb\"},\"inLanguage\":\"en-US\",\"potentialAction\":[{\"@type\":\"ReadAction\",\"target\":[\"https:\/\/haut-doubs-sport-nature.fr\/?page_id=541\"]}]},{\"@type\":\"BreadcrumbList\",\"@id\":\"https:\/\/haut-doubs-sport-nature.fr\/?page_id=541#breadcrumb\",\"itemListElement\":[{\"@type\":\"ListItem\",\"position\":1,\"name\":\"Accueil\",\"item\":\"https:\/\/haut-doubs-sport-nature.fr\/\"},{\"@type\":\"ListItem\",\"position\":2,\"name\":\"mentions l\u00e9gales\"}]},{\"@type\":\"WebSite\",\"@id\":\"https:\/\/haut-doubs-sport-nature.fr\/#website\",\"url\":\"https:\/\/haut-doubs-sport-nature.fr\/\",\"name\":\"haut-doubs-sport-nature.fr\",\"description\":\"\",\"publisher\":{\"@id\":\"https:\/\/haut-doubs-sport-nature.fr\/#organization\"},\"potentialAction\":[{\"@type\":\"SearchAction\",\"target\":{\"@type\":\"EntryPoint\",\"urlTemplate\":\"https:\/\/haut-doubs-sport-nature.fr\/?s={search_term_string}\"},\"query-input\":\"required name=search_term_string\"}],\"inLanguage\":\"en-US\"},{\"@type\":\"Organization\",\"@id\":\"https:\/\/haut-doubs-sport-nature.fr\/#organization\",\"name\":\"haut-doubs-sport-nature.fr\",\"url\":\"https:\/\/haut-doubs-sport-nature.fr\/\",\"logo\":{\"@type\":\"ImageObject\",\"inLanguage\":\"en-US\",\"@id\":\"https:\/\/haut-doubs-sport-nature.fr\/#\/schema\/logo\/image\/\",\"url\":\"https:\/\/haut-doubs-sport-nature.fr\/wp-content\/uploads\/2024\/02\/cropped-Haut-Doubs-Sport-Nature-OK-2.png\",\"contentUrl\":\"https:\/\/haut-doubs-sport-nature.fr\/wp-content\/uploads\/2024\/02\/cropped-Haut-Doubs-Sport-Nature-OK-2.png\",\"width\":1563,\"height\":1156,\"caption\":\"haut-doubs-sport-nature.fr\"},\"image\":{\"@id\":\"https:\/\/haut-doubs-sport-nature.fr\/#\/schema\/logo\/image\/\"}}]}<\/script>\n<!-- \/ Yoast SEO plugin. -->","yoast_head_json":{"title":"mentions l\u00e9gales - haut-doubs-sport-nature.fr","robots":{"index":"noindex","follow":"follow"},"og_locale":"en_US","og_type":"article","og_title":"mentions l\u00e9gales - haut-doubs-sport-nature.fr","og_description":"Mentions l\u00e9gales \u00a0 En vigueur au 04\/03\/2024 \u00a0 Conform\u00e9ment aux dispositions des Articles 6-III et 19 de la Loi n\u00b02004-575 du 21 juin 2004 pour la Confiance dans l\u2019\u00e9conomie num\u00e9rique, dite L.C.E.N., il est port\u00e9 \u00e0 la connaissance des utilisateurs et visiteurs, ci-apr\u00e8s l\u00a0\u00bb\u00a0\u00bbUtilisateur\u00ab , du site https:\/\/haut-doubs-sport-nature.fr\/\u00a0, ci-apr\u00e8s le \u00ab\u00a0Site\u00ab\u00a0, les pr\u00e9sentes mentions l\u00e9gales. [&hellip;]","og_url":"https:\/\/haut-doubs-sport-nature.fr\/?page_id=541","og_site_name":"haut-doubs-sport-nature.fr","article_modified_time":"2024-03-05T14:12:20+00:00","twitter_card":"summary_large_image","twitter_misc":{"Est. reading time":"2 minutes"},"schema":{"@context":"https:\/\/schema.org","@graph":[{"@type":"WebPage","@id":"https:\/\/haut-doubs-sport-nature.fr\/?page_id=541","url":"https:\/\/haut-doubs-sport-nature.fr\/?page_id=541","name":"mentions l\u00e9gales - haut-doubs-sport-nature.fr","isPartOf":{"@id":"https:\/\/haut-doubs-sport-nature.fr\/#website"},"datePublished":"2024-03-01T08:19:29+00:00","dateModified":"2024-03-05T14:12:20+00:00","breadcrumb":{"@id":"https:\/\/haut-doubs-sport-nature.fr\/?page_id=541#breadcrumb"},"inLanguage":"en-US","potentialAction":[{"@type":"ReadAction","target":["https:\/\/haut-doubs-sport-nature.fr\/?page_id=541"]}]},{"@type":"BreadcrumbList","@id":"https:\/\/haut-doubs-sport-nature.fr\/?page_id=541#breadcrumb","itemListElement":[{"@type":"ListItem","position":1,"name":"Accueil","item":"https:\/\/haut-doubs-sport-nature.fr\/"},{"@type":"ListItem","position":2,"name":"mentions l\u00e9gales"}]},{"@type":"WebSite","@id":"https:\/\/haut-doubs-sport-nature.fr\/#website","url":"https:\/\/haut-doubs-sport-nature.fr\/","name":"haut-doubs-sport-nature.fr","description":"","publisher":{"@id":"https:\/\/haut-doubs-sport-nature.fr\/#organization"},"potentialAction":[{"@type":"SearchAction","target":{"@type":"EntryPoint","urlTemplate":"https:\/\/haut-doubs-sport-nature.fr\/?s={search_term_string}"},"query-input":"required name=search_term_string"}],"inLanguage":"en-US"},{"@type":"Organization","@id":"https:\/\/haut-doubs-sport-nature.fr\/#organization","name":"haut-doubs-sport-nature.fr","url":"https:\/\/haut-doubs-sport-nature.fr\/","logo":{"@type":"ImageObject","inLanguage":"en-US","@id":"https:\/\/haut-doubs-sport-nature.fr\/#\/schema\/logo\/image\/","url":"https:\/\/haut-doubs-sport-nature.fr\/wp-content\/uploads\/2024\/02\/cropped-Haut-Doubs-Sport-Nature-OK-2.png","contentUrl":"https:\/\/haut-doubs-sport-nature.fr\/wp-content\/uploads\/2024\/02\/cropped-Haut-Doubs-Sport-Nature-OK-2.png","width":1563,"height":1156,"caption":"haut-doubs-sport-nature.fr"},"image":{"@id":"https:\/\/haut-doubs-sport-nature.fr\/#\/schema\/logo\/image\/"}}]}},"_links":{"self":[{"href":"https:\/\/haut-doubs-sport-nature.fr\/index.php?rest_route=\/wp\/v2\/pages\/541"}],"collection":[{"href":"https:\/\/haut-doubs-sport-nature.fr\/index.php?rest_route=\/wp\/v2\/pages"}],"about":[{"href":"https:\/\/haut-doubs-sport-nature.fr\/index.php?rest_route=\/wp\/v2\/types\/page"}],"author":[{"embeddable":true,"href":"https:\/\/haut-doubs-sport-nature.fr\/index.php?rest_route=\/wp\/v2\/users\/1"}],"replies":[{"embeddable":true,"href":"https:\/\/haut-doubs-sport-nature.fr\/index.php?rest_route=%2Fwp%2Fv2%2Fcomments&post=541"}],"version-history":[{"count":4,"href":"https:\/\/haut-doubs-sport-nature.fr\/index.php?rest_route=\/wp\/v2\/pages\/541\/revisions"}],"predecessor-version":[{"id":1268,"href":"https:\/\/haut-doubs-sport-nature.fr\/index.php?rest_route=\/wp\/v2\/pages\/541\/revisions\/1268"}],"wp:attachment":[{"href":"https:\/\/haut-doubs-sport-nature.fr\/index.php?rest_route=%2Fwp%2Fv2%2Fmedia&parent=541"}],"curies":[{"name":"wp","href":"https:\/\/api.w.org\/{rel}","templated":true}]}}